{"id":26944,"date":"2024-04-10T09:28:24","date_gmt":"2024-04-10T07:28:24","guid":{"rendered":"https:\/\/vytvarnalitomysl.cz\/they-supported-us\/"},"modified":"2025-04-29T15:33:56","modified_gmt":"2025-04-29T13:33:56","slug":"they-supported-us","status":"publish","type":"page","link":"https:\/\/vytvarnalitomysl.cz\/en\/they-supported-us\/","title":{"rendered":"Benefactors"},"content":{"rendered":"\t\t<div data-elementor-type=\"wp-page\" data-elementor-id=\"26944\" class=\"elementor elementor-26944 elementor-23248\" data-elementor-post-type=\"page\">\n\t\t\t\t\t\t<section class=\"elementor-section elementor-top-section elementor-element elementor-element-2a575cb elementor-section-boxed elementor-section-height-default elementor-section-height-default\" data-id=\"2a575cb\" data-element_type=\"section\" data-e-type=\"section\" id=\"program\" data-settings=\"{&quot;background_background&quot;:&quot;classic&quot;}\">\n\t\t\t\t\t\t<div class=\"elementor-container elementor-column-gap-default\">\n\t\t\t\t\t<div class=\"elementor-column elementor-col-100 elementor-top-column elementor-element elementor-element-6d810e8\" data-id=\"6d810e8\" data-element_type=\"column\" data-e-type=\"column\">\n\t\t\t<div class=\"elementor-widget-wrap elementor-element-populated\">\n\t\t\t\t\t\t<div class=\"elementor-element elementor-element-de21cd3 elementor-widget elementor-widget-spacer\" data-id=\"de21cd3\" data-element_type=\"widget\" data-e-type=\"widget\" data-widget_type=\"spacer.default\">\n\t\t\t\t<div class=\"elementor-widget-container\">\n\t\t\t\t\t\t\t<div class=\"elementor-spacer\">\n\t\t\t<div class=\"elementor-spacer-inner\"><\/div>\n\t\t<\/div>\n\t\t\t\t\t\t<\/div>\n\t\t\t\t<\/div>\n\t\t\t\t\t<\/div>\n\t\t<\/div>\n\t\t\t\t\t<\/div>\n\t\t<\/section>\n\t\t\t\t<section class=\"elementor-section elementor-top-section elementor-element elementor-element-5072e07 elementor-section-boxed elementor-section-height-default elementor-section-height-default\" data-id=\"5072e07\" data-element_type=\"section\" data-e-type=\"section\">\n\t\t\t\t\t\t<div class=\"elementor-container elementor-column-gap-default\">\n\t\t\t\t\t<div class=\"elementor-column elementor-col-100 elementor-top-column elementor-element elementor-element-d91ff59\" data-id=\"d91ff59\" data-element_type=\"column\" data-e-type=\"column\">\n\t\t\t<div class=\"elementor-widget-wrap elementor-element-populated\">\n\t\t\t\t\t\t<div class=\"elementor-element elementor-element-87906a5 elementor-widget elementor-widget-heading\" data-id=\"87906a5\" data-element_type=\"widget\" data-e-type=\"widget\" data-widget_type=\"heading.default\">\n\t\t\t\t<div class=\"elementor-widget-container\">\n\t\t\t\t\t<h2 class=\"elementor-heading-title elementor-size-default\">BENEFACTORS<\/h2>\t\t\t\t<\/div>\n\t\t\t\t<\/div>\n\t\t\t\t<div class=\"elementor-element elementor-element-716ce33 elementor-icon-list--layout-traditional elementor-list-item-link-full_width elementor-widget elementor-widget-icon-list\" data-id=\"716ce33\" data-element_type=\"widget\" data-e-type=\"widget\" data-widget_type=\"icon-list.default\">\n\t\t\t\t<div class=\"elementor-widget-container\">\n\t\t\t\t\t\t\t<ul class=\"elementor-icon-list-items\">\n\t\t\t\t\t\t\t<li class=\"elementor-icon-list-item\">\n\t\t\t\t\t\t\t\t\t\t\t<a href=\"https:\/\/vytvarnalitomysl.cz\/en\/\">\n\n\t\t\t\t\t\t\t\t\t\t\t\t<span class=\"elementor-icon-list-icon\">\n\t\t\t\t\t\t\t<svg xmlns=\"http:\/\/www.w3.org\/2000\/svg\" width=\"24\" height=\"39\" viewBox=\"0 0 24 39\" fill=\"none\"><line y1=\"-3\" x2=\"26.5357\" y2=\"-3\" transform=\"matrix(-0.71195 -0.70223 0.71195 -0.70223 23.8921 34.5586)\" stroke=\"black\" stroke-width=\"6\"><\/line><line y1=\"-3\" x2=\"26.5358\" y2=\"-3\" transform=\"matrix(0.711949 -0.702231 0.711949 0.702231 5 23.6344)\" stroke=\"black\" stroke-width=\"6\"><\/line><\/svg>\t\t\t\t\t\t<\/span>\n\t\t\t\t\t\t\t\t\t\t<span class=\"elementor-icon-list-text\">back to front page<\/span>\n\t\t\t\t\t\t\t\t\t\t\t<\/a>\n\t\t\t\t\t\t\t\t\t<\/li>\n\t\t\t\t\t\t<\/ul>\n\t\t\t\t\t\t<\/div>\n\t\t\t\t<\/div>\n\t\t\t\t<div class=\"elementor-element elementor-element-0c6a960 elementor-widget elementor-widget-text-editor\" data-id=\"0c6a960\" data-element_type=\"widget\" data-e-type=\"widget\" data-widget_type=\"text-editor.default\">\n\t\t\t\t<div class=\"elementor-widget-container\">\n\t\t\t\t\t\t\t\t\t<p>Patronage over the project Smetana&#8217;s Art Litomy\u0161l 2025 was taken over by <strong>Ing. Roman L\u00ednek<\/strong>, Councillor of the Pardubice Region.  <br><\/p>\n<p>The Smetana Art Festival Litomy\u0161l 2025 was made possible thanks to the kind financial support of <strong>Veronika and Libor Winkler<\/strong>, the <strong>Ministry of Culture of the Czech Republic<\/strong>, the <strong>Pardubice Region<\/strong> and the <strong>town of Litomy\u0161l<\/strong>.<\/p>\n<p>The Litomy\u0161l City Gallery would like to thank all the sponsors and all the institutions that participated in the project in 2025.<\/p><p><br><\/p><p><br><\/p>\t\t\t\t\t\t\t\t<\/div>\n\t\t\t\t<\/div>\n\t\t\t\t\t<\/div>\n\t\t<\/div>\n\t\t\t\t\t<\/div>\n\t\t<\/section>\n\t\t\t\t<section class=\"elementor-section elementor-top-section elementor-element elementor-element-d20d78a elementor-section-boxed elementor-section-height-default elementor-section-height-default\" data-id=\"d20d78a\" data-element_type=\"section\" data-e-type=\"section\">\n\t\t\t\t\t\t<div class=\"elementor-container elementor-column-gap-default\">\n\t\t\t\t\t<div class=\"elementor-column elementor-col-100 elementor-top-column elementor-element elementor-element-141c8f8\" data-id=\"141c8f8\" data-element_type=\"column\" data-e-type=\"column\">\n\t\t\t<div class=\"elementor-widget-wrap elementor-element-populated\">\n\t\t\t\t\t\t<div class=\"elementor-element elementor-element-4d689cb elementor-widget elementor-widget-shortcode\" data-id=\"4d689cb\" data-element_type=\"widget\" data-e-type=\"widget\" data-widget_type=\"shortcode.default\">\n\t\t\t\t<div class=\"elementor-widget-container\">\n\t\t\t\t\t\t\t<div class=\"elementor-shortcode\"><div id='wx-carousel-back' class='wx-carousel-back'><img src='https:\/\/vytvarnalitomysl.cz\/wp-content\/plugins\/worx-insertdata\/img\/less.svg'><\/div>\n\n<div class=\"svl-obal-aktualni-projekty\">\n<div postid=\"28340\" class=\"svl-sub-projekt wx-explore\">\n<a href=\"https:\/\/vytvarnalitomysl.cz\/en\/mestska-obrazarna\/variant-je-vice\">\n<div style=\"background-image: url('https:\/\/vytvarnalitomysl.cz\/wp-content\/uploads\/2026\/03\/n_perkof_manual_of_naturalness-1024x729.png');\" class=\"svl-projekt\">\n<p style=\"background-color:#000\" class=\"svl-vystava-rubrika-vystava\">Town Picture Gallery<\/p>\n<div class=\"svl-wx-text\"><h3 class=\"mgl projekt-nadpis\">VARIANT JE V\u00cdCE<\/h3>\n<p class=\"svl-projekt-popis\"><\/p><\/div>\n<p class=\"svl-cist-vice\">&nbsp;<img decoding=\"async\" src=\"https:\/\/vytvarnalitomysl.cz\/wp-content\/plugins\/worx-insertdata\/img\/more.png\" class=\"svl-mala-sipka\"><\/p>\n<img decoding=\"async\" src=\"https:\/\/vytvarnalitomysl.cz\/wp-content\/plugins\/worx-insertdata\/img\/sipka-vystavy.png\" class=\"svl-sipka\">\n<\/div>\n<\/a>\n<\/div>\n\n<div postid=\"28338\" class=\"svl-sub-projekt wx-explore\">\n<a href=\"https:\/\/vytvarnalitomysl.cz\/en\/exterier-mesta\/jaroslav-rona-ticho-a-myty\">\n<div style=\"background-image: url('https:\/\/vytvarnalitomysl.cz\/wp-content\/uploads\/2026\/03\/Jaroslav_Rona_23-1024x680.png');\" class=\"svl-projekt\">\n<p style=\"background-color:#000\" class=\"svl-vystava-rubrika-vystava\">Town exterior<\/p>\n<div class=\"svl-wx-text\"><h3 class=\"mgl projekt-nadpis\">JAROSLAV R\u00d3NA<span>TICHO A M\u00ddTY<\/h3>\n<p class=\"svl-projekt-popis\"><\/p><\/div>\n<p class=\"svl-cist-vice\">&nbsp;<img decoding=\"async\" src=\"https:\/\/vytvarnalitomysl.cz\/wp-content\/plugins\/worx-insertdata\/img\/more.png\" class=\"svl-mala-sipka\"><\/p>\n<img decoding=\"async\" src=\"https:\/\/vytvarnalitomysl.cz\/wp-content\/plugins\/worx-insertdata\/img\/sipka-vystavy.png\" class=\"svl-sipka\">\n<\/div>\n<\/a>\n<\/div>\n\n<div postid=\"28335\" class=\"svl-sub-projekt wx-explore\">\n<a href=\"https:\/\/vytvarnalitomysl.cz\/en\/zamecky-pivovar\/gerhard-flekatsch-resonance\">\n<div style=\"background-image: url('https:\/\/vytvarnalitomysl.cz\/wp-content\/uploads\/2026\/03\/Gerhard_Flekatsch-1024x683.png');\" class=\"svl-projekt\">\n<p style=\"background-color:#000\" class=\"svl-vystava-rubrika-vystava\">Chateau Brewery<\/p>\n<div class=\"svl-wx-text\"><h3 class=\"mgl projekt-nadpis\">GERHARD FLEKATSCH<span>RESONANCE<\/h3>\n<p class=\"svl-projekt-popis\"><\/p><\/div>\n<p class=\"svl-cist-vice\">&nbsp;<img decoding=\"async\" src=\"https:\/\/vytvarnalitomysl.cz\/wp-content\/plugins\/worx-insertdata\/img\/more.png\" class=\"svl-mala-sipka\"><\/p>\n<img decoding=\"async\" src=\"https:\/\/vytvarnalitomysl.cz\/wp-content\/plugins\/worx-insertdata\/img\/sipka-vystavy.png\" class=\"svl-sipka\">\n<\/div>\n<\/a>\n<\/div>\n\n<div postid=\"28333\" class=\"svl-sub-projekt wx-explore\">\n<a href=\"https:\/\/vytvarnalitomysl.cz\/en\/cervena-vez\/out-of-ostrale\">\n<div style=\"background-image: url('https:\/\/vytvarnalitomysl.cz\/wp-content\/uploads\/2026\/03\/Out_of_Ostrale-682x1024.png');\" class=\"svl-projekt\">\n<p style=\"background-color:#000\" class=\"svl-vystava-rubrika-vystava\">\u010cerven\u00e1 v\u011b\u017e<\/p>\n<div class=\"svl-wx-text\"><h3 class=\"mgl projekt-nadpis\">OUT OF OSTRALE<\/h3>\n<p class=\"svl-projekt-popis\"><\/p><\/div>\n<p class=\"svl-cist-vice\">&nbsp;<img decoding=\"async\" src=\"https:\/\/vytvarnalitomysl.cz\/wp-content\/plugins\/worx-insertdata\/img\/more.png\" class=\"svl-mala-sipka\"><\/p>\n<img decoding=\"async\" src=\"https:\/\/vytvarnalitomysl.cz\/wp-content\/plugins\/worx-insertdata\/img\/sipka-vystavy.png\" class=\"svl-sipka\">\n<\/div>\n<\/a>\n<\/div>\n\n<div postid=\"28331\" class=\"svl-sub-projekt\">\n<a href=\"https:\/\/vytvarnalitomysl.cz\/en\/mestska-obrazarna\/natura\">\n<div style=\"background-image: url('https:\/\/vytvarnalitomysl.cz\/wp-content\/uploads\/2026\/03\/Mestska_obrazarna_natura-1024x683.png');\" class=\"svl-projekt\">\n<p style=\"background-color:#000\" class=\"svl-vystava-rubrika-vystava\">Town Picture Gallery<\/p>\n<div class=\"svl-wx-text\"><h3 class=\"mgl projekt-nadpis\">NATURA<\/h3>\n<p class=\"svl-projekt-popis\"><\/p><\/div>\n<p class=\"svl-cist-vice\">&nbsp;<img decoding=\"async\" src=\"https:\/\/vytvarnalitomysl.cz\/wp-content\/plugins\/worx-insertdata\/img\/more.png\" class=\"svl-mala-sipka\"><\/p>\n<img decoding=\"async\" src=\"https:\/\/vytvarnalitomysl.cz\/wp-content\/plugins\/worx-insertdata\/img\/sipka-vystavy.png\" class=\"svl-sipka\">\n<\/div>\n<\/a>\n<\/div>\n\n<div postid=\"28329\" class=\"svl-sub-projekt\">\n<a href=\"https:\/\/vytvarnalitomysl.cz\/en\/mestska-obrazarna\/nejkrasnejsi-ceske-knihy-roku-2025\">\n<div style=\"background-image: url('https:\/\/vytvarnalitomysl.cz\/wp-content\/uploads\/2026\/03\/Mestska_obrazarna_Nejkrasnejsi_ceske_knihy_2025-1024x682.png');\" class=\"svl-projekt\">\n<p style=\"background-color:#000\" class=\"svl-vystava-rubrika-vystava\">Town Picture Gallery<\/p>\n<div class=\"svl-wx-text\"><h3 class=\"mgl projekt-nadpis\">Nejkr\u00e1sn\u011bj\u0161\u00ed \u010desk\u00e9 knihy roku 2025<\/h3>\n<p class=\"svl-projekt-popis\"><\/p><\/div>\n<p class=\"svl-cist-vice\">&nbsp;<img decoding=\"async\" src=\"https:\/\/vytvarnalitomysl.cz\/wp-content\/plugins\/worx-insertdata\/img\/more.png\" class=\"svl-mala-sipka\"><\/p>\n<img decoding=\"async\" src=\"https:\/\/vytvarnalitomysl.cz\/wp-content\/plugins\/worx-insertdata\/img\/sipka-vystavy.png\" class=\"svl-sipka\">\n<\/div>\n<\/a>\n<\/div>\n\n<div postid=\"28345\" class=\"svl-sub-projekt\">\n<a href=\"https:\/\/vytvarnalitomysl.cz\/en\/galerie-na-milovske-huti\/miluse-a-rene-roubickovi\">\n<div style=\"background-image: url('https:\/\/vytvarnalitomysl.cz\/wp-content\/uploads\/2026\/03\/FullSizeRender-1024x722.jpeg');\" class=\"svl-projekt\">\n<p style=\"background-color:#000\" class=\"svl-vystava-rubrika-vystava\">Na Milovsk\u00e9 huti Gallery<\/p>\n<div class=\"svl-wx-text\"><h3 class=\"mgl projekt-nadpis\">Vitrum et natura<span>Milu\u0161e a Ren\u00e9 Roub\u00ed\u010dkovi. Mal\u00ed\u0159i srdce Vyso\u010diny. \u010ce\u0161t\u00ed ateli\u00e9rov\u00ed skl\u00e1\u0159i.<\/span><\/h3>\n<p class=\"svl-projekt-popis\"><\/p><\/div>\n<p class=\"svl-cist-vice\">&nbsp;<img decoding=\"async\" src=\"https:\/\/vytvarnalitomysl.cz\/wp-content\/plugins\/worx-insertdata\/img\/more.png\" class=\"svl-mala-sipka\"><\/p>\n<img decoding=\"async\" src=\"https:\/\/vytvarnalitomysl.cz\/wp-content\/plugins\/worx-insertdata\/img\/sipka-vystavy.png\" class=\"svl-sipka\">\n<\/div>\n<\/a>\n<\/div>\n\n<div postid=\"28340\" class=\"svl-sub-projekt\">\n<a href=\"https:\/\/vytvarnalitomysl.cz\/en\/mestska-obrazarna\/variant-je-vice\">\n<div style=\"background-image: url('https:\/\/vytvarnalitomysl.cz\/wp-content\/uploads\/2026\/03\/n_perkof_manual_of_naturalness-1024x729.png');\" class=\"svl-projekt\">\n<p style=\"background-color:#000\" class=\"svl-vystava-rubrika-vystava\">Town Picture Gallery<\/p>\n<div class=\"svl-wx-text\"><h3 class=\"mgl projekt-nadpis\">VARIANT JE V\u00cdCE<\/h3>\n<p class=\"svl-projekt-popis\"><\/p><\/div>\n<p class=\"svl-cist-vice\">&nbsp;<img decoding=\"async\" src=\"https:\/\/vytvarnalitomysl.cz\/wp-content\/plugins\/worx-insertdata\/img\/more.png\" class=\"svl-mala-sipka\"><\/p>\n<img decoding=\"async\" src=\"https:\/\/vytvarnalitomysl.cz\/wp-content\/plugins\/worx-insertdata\/img\/sipka-vystavy.png\" class=\"svl-sipka\">\n<\/div>\n<\/a>\n<\/div>\n\n<div postid=\"28338\" class=\"svl-sub-projekt\">\n<a href=\"https:\/\/vytvarnalitomysl.cz\/en\/exterier-mesta\/jaroslav-rona-ticho-a-myty\">\n<div style=\"background-image: url('https:\/\/vytvarnalitomysl.cz\/wp-content\/uploads\/2026\/03\/Jaroslav_Rona_23-1024x680.png');\" class=\"svl-projekt\">\n<p style=\"background-color:#000\" class=\"svl-vystava-rubrika-vystava\">Town exterior<\/p>\n<div class=\"svl-wx-text\"><h3 class=\"mgl projekt-nadpis\">JAROSLAV R\u00d3NA<span>TICHO A M\u00ddTY<\/h3>\n<p class=\"svl-projekt-popis\"><\/p><\/div>\n<p class=\"svl-cist-vice\">&nbsp;<img decoding=\"async\" src=\"https:\/\/vytvarnalitomysl.cz\/wp-content\/plugins\/worx-insertdata\/img\/more.png\" class=\"svl-mala-sipka\"><\/p>\n<img decoding=\"async\" src=\"https:\/\/vytvarnalitomysl.cz\/wp-content\/plugins\/worx-insertdata\/img\/sipka-vystavy.png\" class=\"svl-sipka\">\n<\/div>\n<\/a>\n<\/div>\n\n<div postid=\"28335\" class=\"svl-sub-projekt\">\n<a href=\"https:\/\/vytvarnalitomysl.cz\/en\/zamecky-pivovar\/gerhard-flekatsch-resonance\">\n<div style=\"background-image: url('https:\/\/vytvarnalitomysl.cz\/wp-content\/uploads\/2026\/03\/Gerhard_Flekatsch-1024x683.png');\" class=\"svl-projekt\">\n<p style=\"background-color:#000\" class=\"svl-vystava-rubrika-vystava\">Chateau Brewery<\/p>\n<div class=\"svl-wx-text\"><h3 class=\"mgl projekt-nadpis\">GERHARD FLEKATSCH<span>RESONANCE<\/h3>\n<p class=\"svl-projekt-popis\"><\/p><\/div>\n<p class=\"svl-cist-vice\">&nbsp;<img decoding=\"async\" src=\"https:\/\/vytvarnalitomysl.cz\/wp-content\/plugins\/worx-insertdata\/img\/more.png\" class=\"svl-mala-sipka\"><\/p>\n<img decoding=\"async\" src=\"https:\/\/vytvarnalitomysl.cz\/wp-content\/plugins\/worx-insertdata\/img\/sipka-vystavy.png\" class=\"svl-sipka\">\n<\/div>\n<\/a>\n<\/div>\n\n<div postid=\"28333\" class=\"svl-sub-projekt\">\n<a href=\"https:\/\/vytvarnalitomysl.cz\/en\/cervena-vez\/out-of-ostrale\">\n<div style=\"background-image: url('https:\/\/vytvarnalitomysl.cz\/wp-content\/uploads\/2026\/03\/Out_of_Ostrale-682x1024.png');\" class=\"svl-projekt\">\n<p style=\"background-color:#000\" class=\"svl-vystava-rubrika-vystava\">\u010cerven\u00e1 v\u011b\u017e<\/p>\n<div class=\"svl-wx-text\"><h3 class=\"mgl projekt-nadpis\">OUT OF OSTRALE<\/h3>\n<p class=\"svl-projekt-popis\"><\/p><\/div>\n<p class=\"svl-cist-vice\">&nbsp;<img decoding=\"async\" src=\"https:\/\/vytvarnalitomysl.cz\/wp-content\/plugins\/worx-insertdata\/img\/more.png\" class=\"svl-mala-sipka\"><\/p>\n<img decoding=\"async\" src=\"https:\/\/vytvarnalitomysl.cz\/wp-content\/plugins\/worx-insertdata\/img\/sipka-vystavy.png\" class=\"svl-sipka\">\n<\/div>\n<\/a>\n<\/div>\n\n<div postid=\"28331\" class=\"svl-sub-projekt\">\n<a href=\"https:\/\/vytvarnalitomysl.cz\/en\/mestska-obrazarna\/natura\">\n<div style=\"background-image: url('https:\/\/vytvarnalitomysl.cz\/wp-content\/uploads\/2026\/03\/Mestska_obrazarna_natura-1024x683.png');\" class=\"svl-projekt\">\n<p style=\"background-color:#000\" class=\"svl-vystava-rubrika-vystava\">Town Picture Gallery<\/p>\n<div class=\"svl-wx-text\"><h3 class=\"mgl projekt-nadpis\">NATURA<\/h3>\n<p class=\"svl-projekt-popis\"><\/p><\/div>\n<p class=\"svl-cist-vice\">&nbsp;<img decoding=\"async\" src=\"https:\/\/vytvarnalitomysl.cz\/wp-content\/plugins\/worx-insertdata\/img\/more.png\" class=\"svl-mala-sipka\"><\/p>\n<img decoding=\"async\" src=\"https:\/\/vytvarnalitomysl.cz\/wp-content\/plugins\/worx-insertdata\/img\/sipka-vystavy.png\" class=\"svl-sipka\">\n<\/div>\n<\/a>\n<\/div>\n\n<div postid=\"28329\" class=\"svl-sub-projekt\">\n<a href=\"https:\/\/vytvarnalitomysl.cz\/en\/mestska-obrazarna\/nejkrasnejsi-ceske-knihy-roku-2025\">\n<div style=\"background-image: url('https:\/\/vytvarnalitomysl.cz\/wp-content\/uploads\/2026\/03\/Mestska_obrazarna_Nejkrasnejsi_ceske_knihy_2025-1024x682.png');\" class=\"svl-projekt\">\n<p style=\"background-color:#000\" class=\"svl-vystava-rubrika-vystava\">Town Picture Gallery<\/p>\n<div class=\"svl-wx-text\"><h3 class=\"mgl projekt-nadpis\">Nejkr\u00e1sn\u011bj\u0161\u00ed \u010desk\u00e9 knihy roku 2025<\/h3>\n<p class=\"svl-projekt-popis\"><\/p><\/div>\n<p class=\"svl-cist-vice\">&nbsp;<img decoding=\"async\" src=\"https:\/\/vytvarnalitomysl.cz\/wp-content\/plugins\/worx-insertdata\/img\/more.png\" class=\"svl-mala-sipka\"><\/p>\n<img decoding=\"async\" src=\"https:\/\/vytvarnalitomysl.cz\/wp-content\/plugins\/worx-insertdata\/img\/sipka-vystavy.png\" class=\"svl-sipka\">\n<\/div>\n<\/a>\n<\/div>\n\n<div postid=\"28345\" class=\"svl-sub-projekt\">\n<a href=\"https:\/\/vytvarnalitomysl.cz\/en\/galerie-na-milovske-huti\/miluse-a-rene-roubickovi\">\n<div style=\"background-image: url('https:\/\/vytvarnalitomysl.cz\/wp-content\/uploads\/2026\/03\/FullSizeRender-1024x722.jpeg');\" class=\"svl-projekt\">\n<p style=\"background-color:#000\" class=\"svl-vystava-rubrika-vystava\">Na Milovsk\u00e9 huti Gallery<\/p>\n<div class=\"svl-wx-text\"><h3 class=\"mgl projekt-nadpis\">Vitrum et natura<span>Milu\u0161e a Ren\u00e9 Roub\u00ed\u010dkovi. Mal\u00ed\u0159i srdce Vyso\u010diny. \u010ce\u0161t\u00ed ateli\u00e9rov\u00ed skl\u00e1\u0159i.<\/span><\/h3>\n<p class=\"svl-projekt-popis\"><\/p><\/div>\n<p class=\"svl-cist-vice\">&nbsp;<img decoding=\"async\" src=\"https:\/\/vytvarnalitomysl.cz\/wp-content\/plugins\/worx-insertdata\/img\/more.png\" class=\"svl-mala-sipka\"><\/p>\n<img decoding=\"async\" src=\"https:\/\/vytvarnalitomysl.cz\/wp-content\/plugins\/worx-insertdata\/img\/sipka-vystavy.png\" class=\"svl-sipka\">\n<\/div>\n<\/a>\n<\/div>\n<\/div>\n<div id='wx-carousel-next' class='wx-carousel-next'><img src='https:\/\/vytvarnalitomysl.cz\/wp-content\/plugins\/worx-insertdata\/img\/more.svg'><\/div>\n<div index='1' limit='4' id='wx-paging' class='wx-paging'>\n<\/div>\n<\/div>\n\t\t\t\t\t\t<\/div>\n\t\t\t\t<\/div>\n\t\t\t\t\t<\/div>\n\t\t<\/div>\n\t\t\t\t\t<\/div>\n\t\t<\/section>\n\t\t\t\t<\/div>\n\t\t","protected":false},"excerpt":{"rendered":"<p>BENEFACTORS back to front page Patronage over the project Smetana&#8217;s Art Litomy\u0161l 2025 was taken over by Ing. Roman L\u00ednek, Councillor of the Pardubice Region. The Smetana Art Festival Litomy\u0161l [&hellip;]<\/p>\n","protected":false},"author":10,"featured_media":0,"parent":0,"menu_order":0,"comment_status":"closed","ping_status":"closed","template":"","meta":{"_acf_changed":false,"inline_featured_image":false,"passster_activate_protection":false,"passster_protect_child_pages":"","passster_protection_type":"password","passster_password":"","passster_activate_overwrite_defaults":"","passster_headline":"","passster_instruction":"","passster_placeholder":"","passster_button":"","passster_id":"","passster_activate_misc_settings":"","passster_redirect_url":"","passster_hide":"no","passster_area_shortcode":"","footnotes":""},"class_list":["post-26944","page","type-page","status-publish","hentry"],"acf":[],"_links":{"self":[{"href":"https:\/\/vytvarnalitomysl.cz\/en\/wp-json\/wp\/v2\/pages\/26944","targetHints":{"allow":["GET"]}}],"collection":[{"href":"https:\/\/vytvarnalitomysl.cz\/en\/wp-json\/wp\/v2\/pages"}],"about":[{"href":"https:\/\/vytvarnalitomysl.cz\/en\/wp-json\/wp\/v2\/types\/page"}],"author":[{"embeddable":true,"href":"https:\/\/vytvarnalitomysl.cz\/en\/wp-json\/wp\/v2\/users\/10"}],"replies":[{"embeddable":true,"href":"https:\/\/vytvarnalitomysl.cz\/en\/wp-json\/wp\/v2\/comments?post=26944"}],"version-history":[{"count":5,"href":"https:\/\/vytvarnalitomysl.cz\/en\/wp-json\/wp\/v2\/pages\/26944\/revisions"}],"predecessor-version":[{"id":28106,"href":"https:\/\/vytvarnalitomysl.cz\/en\/wp-json\/wp\/v2\/pages\/26944\/revisions\/28106"}],"wp:attachment":[{"href":"https:\/\/vytvarnalitomysl.cz\/en\/wp-json\/wp\/v2\/media?parent=26944"}],"curies":[{"name":"wp","href":"https:\/\/api.w.org\/{rel}","templated":true}]}}