{"id":26958,"date":"2024-04-04T08:08:27","date_gmt":"2024-04-04T06:08:27","guid":{"rendered":"https:\/\/vytvarnalitomysl.cz\/about-the-project\/"},"modified":"2025-04-29T15:16:48","modified_gmt":"2025-04-29T13:16:48","slug":"about-the-project","status":"publish","type":"page","link":"https:\/\/vytvarnalitomysl.cz\/en\/about-the-project\/","title":{"rendered":"About the project"},"content":{"rendered":"\t\t<div data-elementor-type=\"wp-page\" data-elementor-id=\"26958\" class=\"elementor elementor-26958 elementor-23231\" data-elementor-post-type=\"page\">\n\t\t\t\t\t\t<section class=\"elementor-section elementor-top-section elementor-element elementor-element-2a575cb elementor-section-boxed elementor-section-height-default elementor-section-height-default\" data-id=\"2a575cb\" data-element_type=\"section\" data-e-type=\"section\" id=\"program\" data-settings=\"{&quot;background_background&quot;:&quot;classic&quot;}\">\n\t\t\t\t\t\t<div class=\"elementor-container elementor-column-gap-default\">\n\t\t\t\t\t<div class=\"elementor-column elementor-col-100 elementor-top-column elementor-element elementor-element-6d810e8\" data-id=\"6d810e8\" data-element_type=\"column\" data-e-type=\"column\">\n\t\t\t<div class=\"elementor-widget-wrap elementor-element-populated\">\n\t\t\t\t\t\t<div class=\"elementor-element elementor-element-de21cd3 elementor-widget elementor-widget-spacer\" data-id=\"de21cd3\" data-element_type=\"widget\" data-e-type=\"widget\" data-widget_type=\"spacer.default\">\n\t\t\t\t<div class=\"elementor-widget-container\">\n\t\t\t\t\t\t\t<div class=\"elementor-spacer\">\n\t\t\t<div class=\"elementor-spacer-inner\"><\/div>\n\t\t<\/div>\n\t\t\t\t\t\t<\/div>\n\t\t\t\t<\/div>\n\t\t\t\t\t<\/div>\n\t\t<\/div>\n\t\t\t\t\t<\/div>\n\t\t<\/section>\n\t\t\t\t<section class=\"elementor-section elementor-top-section elementor-element elementor-element-5072e07 elementor-section-boxed elementor-section-height-default elementor-section-height-default\" data-id=\"5072e07\" data-element_type=\"section\" data-e-type=\"section\">\n\t\t\t\t\t\t<div class=\"elementor-container elementor-column-gap-default\">\n\t\t\t\t\t<div class=\"elementor-column elementor-col-100 elementor-top-column elementor-element elementor-element-d91ff59\" data-id=\"d91ff59\" data-element_type=\"column\" data-e-type=\"column\">\n\t\t\t<div class=\"elementor-widget-wrap elementor-element-populated\">\n\t\t\t\t\t\t<div class=\"elementor-element elementor-element-87906a5 elementor-widget elementor-widget-heading\" data-id=\"87906a5\" data-element_type=\"widget\" data-e-type=\"widget\" data-widget_type=\"heading.default\">\n\t\t\t\t<div class=\"elementor-widget-container\">\n\t\t\t\t\t<h2 class=\"elementor-heading-title elementor-size-default\">ABOUT THE PROJECT<\/h2>\t\t\t\t<\/div>\n\t\t\t\t<\/div>\n\t\t\t\t<div class=\"elementor-element elementor-element-2f1b30f elementor-icon-list--layout-traditional elementor-list-item-link-full_width elementor-widget elementor-widget-icon-list\" data-id=\"2f1b30f\" data-element_type=\"widget\" data-e-type=\"widget\" data-widget_type=\"icon-list.default\">\n\t\t\t\t<div class=\"elementor-widget-container\">\n\t\t\t\t\t\t\t<ul class=\"elementor-icon-list-items\">\n\t\t\t\t\t\t\t<li class=\"elementor-icon-list-item\">\n\t\t\t\t\t\t\t\t\t\t\t<a href=\"https:\/\/vytvarnalitomysl.cz\/en\/\">\n\n\t\t\t\t\t\t\t\t\t\t\t\t<span class=\"elementor-icon-list-icon\">\n\t\t\t\t\t\t\t<svg xmlns=\"http:\/\/www.w3.org\/2000\/svg\" width=\"24\" height=\"39\" viewBox=\"0 0 24 39\" fill=\"none\"><line y1=\"-3\" x2=\"26.5357\" y2=\"-3\" transform=\"matrix(-0.71195 -0.70223 0.71195 -0.70223 23.8921 34.5586)\" stroke=\"black\" stroke-width=\"6\"><\/line><line y1=\"-3\" x2=\"26.5358\" y2=\"-3\" transform=\"matrix(0.711949 -0.702231 0.711949 0.702231 5 23.6344)\" stroke=\"black\" stroke-width=\"6\"><\/line><\/svg>\t\t\t\t\t\t<\/span>\n\t\t\t\t\t\t\t\t\t\t<span class=\"elementor-icon-list-text\">back to front page<\/span>\n\t\t\t\t\t\t\t\t\t\t\t<\/a>\n\t\t\t\t\t\t\t\t\t<\/li>\n\t\t\t\t\t\t<\/ul>\n\t\t\t\t\t\t<\/div>\n\t\t\t\t<\/div>\n\t\t\t\t<div class=\"elementor-element elementor-element-0c6a960 elementor-widget__width-initial elementor-widget elementor-widget-text-editor\" data-id=\"0c6a960\" data-element_type=\"widget\" data-e-type=\"widget\" data-widget_type=\"text-editor.default\">\n\t\t\t\t<div class=\"elementor-widget-container\">\n\t\t\t\t\t\t\t\t\t<div data-elementor-type=\"wp-page\" data-elementor-id=\"10892\">\n<div>\n<div>\n<section data-particle_enable=\"false\" data-particle-mobile-disabled=\"false\" data-id=\"7c91cebf\" data-element_type=\"section\">\n<div>\n<div>\n<div data-id=\"4fa792ba\" data-element_type=\"column\" data-settings=\"{\"_ob_column_has_pseudo\":\"no\"}\">\n<div>\n<div>\n<div data-id=\"269d46d6\" data-element_type=\"widget\" data-settings=\"{\"_ob_postman_use\":\"no\"}\" data-widget_type=\"text-editor.default\">\n<div>\n<div>\n<p>The <a href=\"http:\/\/www.vytvarnalitomysl.cz\">Smetana Litomy\u0161lje Art<\/a>Festival is one of the accompanying scenes of the Smetana Litomy\u0161l Music Festival. The SVL has been organised for the sixth year by the Municipal Gallery Litomy\u0161l. The gallery is responsible for the creation of the central exhibitions and also for the joint promotion of all exhibition projects that take place in Litomy\u0161l during the music festival.  <\/p>\n<h3><strong>WE LIVE IN A TIME OF GREAT OPPORTUNITIES BUT ALSO GREAT PRESSURES<\/strong><\/h3>\n<p>This year, the offer of exhibitions of &#8220;Art Litomy\u0161l&#8221; is also very varied and covers a wide range of topics from older to contemporary art. And since<br>one of the intentions of the festival organisers is to connect culture with music, the main festival theme, which is PASSION, also runs through &#8220;Art Litomy\u0161l&#8221;. &nbsp;&#8211;<br>theme<strong>,<\/strong> which is present in visual art primarily as an emotion associated with a lifelong desire to create or as a feeling we experience when we encounter<br>a work of art. This feeling is often decisive and irreplaceable, because art awakens our imagination, evokes deep emotions and stimulates dialogue. Moreover, in today&#8217;s fast-paced and demanding times, full of opportunities and uncertainties, contact with a work of art helps us find balance, has a positive effect on our mental health and strengthens the values of humanity.  <\/p>\n<h3><strong>MAIN EXHIBITIONS OF SMETANA ART LITOMY\u0160L<\/strong><\/h3>\n<p>For several decades, Litomy\u0161l has been synonymous with cultivated public space and the works of art that have traditionally populated it. It is part of the tradition of Smetana&#8217;s Art Litomy\u0161l that it intervenes in this framework every year through artistic interventions. This year is no different. The open-air exhibition entitled <em>Spaces and Feelings<\/em> will present the artistic projects of <em>Hynek Skot\u00e1k<\/em>, <em>Jan Fabi\u00e1n<\/em>, <em>Tom\u00e1\u0161 D\u017eadona<\/em>, German artist <em>Christof Zwiener<\/em> and the art group <em>Kolektiv Laundry and Eva Ji\u0159i\u010dka<\/em>. In the curatorial concept of the exhibition, which is the responsibility of the curators <em>Marcela Strakov\u00e1<\/em>, <em>Tea Zachov\u00e1<\/em>, <em>\u017daneta Richterov\u00e1<\/em>, <em>Rostislav Kory\u010d\u00e1nek<\/em> and <em>Ond\u0159ej Hor\u00e1k<\/em>, the public space of the city itself plays an essential role, which extends the significance of the selected artworks. The interpretive framework of the work is thus enriched by the problematic places with their memory and complicated cultural, political and ethical layers.     <\/p>\n<p>A new exhibition, <em>Slight Connections<\/em>, at the Municipal Picture Gallery, will also offer visitors to Litomy\u0161l an unusual visual experience.The leitmotif of the exhibition, similar to the open-air show, is confrontation. This time, however, the relationality lies in the comparison of 19th and early 20th century landscape paintings from the collection of the Litomy\u0161l Municipal Gallery with expressions of the contemporary Czech art scene on the theme of landscape, nature and ecology.    The traditional artistic genre performed by <em>Julius Ma\u0159\u00e1k<\/em>, <em>Anton\u00edn Chittussi<\/em>, <em>Josef Volesk\u00fd<\/em>, <em>Jaroslav Panu\u0161ka<\/em>, <em>Otakar Kub\u00edn<\/em> and others has been removed from its chronological historical context and newly set in the current reality of <em>Juliana H\u00f6schlov\u00e1&#8217;<\/em>s multimedia art, <em>Ruta Putramentaite<\/em>, <em>Dagmar \u0160ubrtov\u00e1<\/em>, <em>Eva V\u00e1penkov\u00e1<\/em>, <em>Xenia Hoffmeisterov\u00e1<\/em>, <em>Tom\u00e1\u0161 Honze<\/em> and <em>Michal Machcin\u00edk<\/em> in a subtle, often even fragmentary, or on the contrary quite clear formal and content context.<\/p>\n<p>The three main exhibitions of Smetana Art Litomy\u0161l are concluded by the <em>Passion<\/em> exhibition in the Chateau Brewery, which presents the paintings of <em>Ji\u0159\u00ed Vincenc Slav\u00ed\u010dek<\/em>. The show, organised to celebrate the artist&#8217;s seventieth birthday, introduces visitors to the artist&#8217;s works from recent years, which are characterised by his bravura painting gestures. <\/p>\n<h3><strong>WHERE TO GO TO THE SHOW?  <\/strong><\/h3>\n<p><a href=\"https:\/\/www.galerie.litomysl.cz\/mestska-obrazarna\/\">City Picture Gallery<\/a>, <a href=\"http:\/\/www.galerie.litomysl.cz\">City Exterior<\/a>, <a href=\"https:\/\/www.galerie.litomysl.cz\/mestska-obrazarna\/\">Litomy\u0161l Castle<\/a>, Castle Brewery, <a href=\"https:\/\/www.galerie-mk.cz\/\">Miroslav Kubik Gallery<\/a>, <a href=\"https:\/\/www.augustovatiskarna.cz\/\">August Printing House<\/a>, <a href=\"https:\/\/www.zdeneksklenar.cz\/\">Zden\u011bk Sklen\u00e1\u0159 Gallery<\/a>, <a href=\"https:\/\/portmoneum.cz\/\">Portmoneum &#8211; Josef V\u00e1chal Museum<\/a>, <a href=\"https:\/\/www.menart.cz\/cs\/uvod\">MenART<\/a>, <a href=\"https:\/\/poetickalitomysl.cz\/\">Smetana&#8217;s Poetic Litomy\u0161l<\/a>, <a href=\"https:\/\/namilovskehuti.cz\/\">Gallery at Milovsk\u00e1 huti<\/a>, <a href=\"https:\/\/www.prespolni.org\/\">P\u0159espoln\u00ed<\/a>, <a href=\"https:\/\/www.facebook.com\/galeriepakosta\/\">Pakosta Gallery<\/a>, <a href=\"https:\/\/www.galeriekroupa.cz\/\">Kroupa Gallery<\/a>, <a href=\"https:\/\/www.whitegallery.cz\/\">White Gallery<\/a>.<\/p>\n<h4>&nbsp;<\/h4>\n<p><\/p>\n<\/div>\n<\/div>\n<\/div>\n<\/div>\n<\/div>\n<\/div>\n<\/div>\n<\/div>\n<\/section>\n<\/div>\n<\/div>\n<\/div>\t\t\t\t\t\t\t\t<\/div>\n\t\t\t\t<\/div>\n\t\t\t\t\t<\/div>\n\t\t<\/div>\n\t\t\t\t\t<\/div>\n\t\t<\/section>\n\t\t\t\t<section class=\"elementor-section elementor-top-section elementor-element elementor-element-d20d78a elementor-section-boxed elementor-section-height-default elementor-section-height-default\" data-id=\"d20d78a\" data-element_type=\"section\" data-e-type=\"section\">\n\t\t\t\t\t\t<div class=\"elementor-container elementor-column-gap-default\">\n\t\t\t\t\t<div class=\"elementor-column elementor-col-100 elementor-top-column elementor-element elementor-element-141c8f8\" data-id=\"141c8f8\" data-element_type=\"column\" data-e-type=\"column\">\n\t\t\t<div class=\"elementor-widget-wrap elementor-element-populated\">\n\t\t\t\t\t\t<div class=\"elementor-element elementor-element-4d689cb elementor-widget elementor-widget-shortcode\" data-id=\"4d689cb\" data-element_type=\"widget\" data-e-type=\"widget\" data-widget_type=\"shortcode.default\">\n\t\t\t\t<div class=\"elementor-widget-container\">\n\t\t\t\t\t\t\t<div class=\"elementor-shortcode\"><div id='wx-carousel-back' class='wx-carousel-back'><img src='https:\/\/vytvarnalitomysl.cz\/wp-content\/plugins\/worx-insertdata\/img\/less.svg'><\/div>\n\n<div class=\"svl-obal-aktualni-projekty\">\n<div postid=\"28340\" class=\"svl-sub-projekt wx-explore\">\n<a href=\"https:\/\/vytvarnalitomysl.cz\/en\/mestska-obrazarna\/variant-je-vice\">\n<div style=\"background-image: url('https:\/\/vytvarnalitomysl.cz\/wp-content\/uploads\/2026\/03\/n_perkof_manual_of_naturalness-1024x729.png');\" class=\"svl-projekt\">\n<p style=\"background-color:#000\" class=\"svl-vystava-rubrika-vystava\">Town Picture Gallery<\/p>\n<div class=\"svl-wx-text\"><h3 class=\"mgl projekt-nadpis\">VARIANT JE V\u00cdCE<\/h3>\n<p class=\"svl-projekt-popis\"><\/p><\/div>\n<p class=\"svl-cist-vice\">&nbsp;<img decoding=\"async\" src=\"https:\/\/vytvarnalitomysl.cz\/wp-content\/plugins\/worx-insertdata\/img\/more.png\" class=\"svl-mala-sipka\"><\/p>\n<img decoding=\"async\" src=\"https:\/\/vytvarnalitomysl.cz\/wp-content\/plugins\/worx-insertdata\/img\/sipka-vystavy.png\" class=\"svl-sipka\">\n<\/div>\n<\/a>\n<\/div>\n\n<div postid=\"28338\" class=\"svl-sub-projekt wx-explore\">\n<a href=\"https:\/\/vytvarnalitomysl.cz\/en\/exterier-mesta\/jaroslav-rona-ticho-a-myty\">\n<div style=\"background-image: url('https:\/\/vytvarnalitomysl.cz\/wp-content\/uploads\/2026\/03\/Jaroslav_Rona_23-1024x680.png');\" class=\"svl-projekt\">\n<p style=\"background-color:#000\" class=\"svl-vystava-rubrika-vystava\">Town exterior<\/p>\n<div class=\"svl-wx-text\"><h3 class=\"mgl projekt-nadpis\">JAROSLAV R\u00d3NA<span>TICHO A M\u00ddTY<\/h3>\n<p class=\"svl-projekt-popis\"><\/p><\/div>\n<p class=\"svl-cist-vice\">&nbsp;<img decoding=\"async\" src=\"https:\/\/vytvarnalitomysl.cz\/wp-content\/plugins\/worx-insertdata\/img\/more.png\" class=\"svl-mala-sipka\"><\/p>\n<img decoding=\"async\" src=\"https:\/\/vytvarnalitomysl.cz\/wp-content\/plugins\/worx-insertdata\/img\/sipka-vystavy.png\" class=\"svl-sipka\">\n<\/div>\n<\/a>\n<\/div>\n\n<div postid=\"28335\" class=\"svl-sub-projekt wx-explore\">\n<a href=\"https:\/\/vytvarnalitomysl.cz\/en\/zamecky-pivovar\/gerhard-flekatsch-resonance\">\n<div style=\"background-image: url('https:\/\/vytvarnalitomysl.cz\/wp-content\/uploads\/2026\/03\/Gerhard_Flekatsch-1024x683.png');\" class=\"svl-projekt\">\n<p style=\"background-color:#000\" class=\"svl-vystava-rubrika-vystava\">Chateau Brewery<\/p>\n<div class=\"svl-wx-text\"><h3 class=\"mgl projekt-nadpis\">GERHARD FLEKATSCH<span>RESONANCE<\/h3>\n<p class=\"svl-projekt-popis\"><\/p><\/div>\n<p class=\"svl-cist-vice\">&nbsp;<img decoding=\"async\" src=\"https:\/\/vytvarnalitomysl.cz\/wp-content\/plugins\/worx-insertdata\/img\/more.png\" class=\"svl-mala-sipka\"><\/p>\n<img decoding=\"async\" src=\"https:\/\/vytvarnalitomysl.cz\/wp-content\/plugins\/worx-insertdata\/img\/sipka-vystavy.png\" class=\"svl-sipka\">\n<\/div>\n<\/a>\n<\/div>\n\n<div postid=\"28333\" class=\"svl-sub-projekt wx-explore\">\n<a href=\"https:\/\/vytvarnalitomysl.cz\/en\/cervena-vez\/out-of-ostrale\">\n<div style=\"background-image: url('https:\/\/vytvarnalitomysl.cz\/wp-content\/uploads\/2026\/03\/Out_of_Ostrale-682x1024.png');\" class=\"svl-projekt\">\n<p style=\"background-color:#000\" class=\"svl-vystava-rubrika-vystava\">\u010cerven\u00e1 v\u011b\u017e<\/p>\n<div class=\"svl-wx-text\"><h3 class=\"mgl projekt-nadpis\">OUT OF OSTRALE<\/h3>\n<p class=\"svl-projekt-popis\"><\/p><\/div>\n<p class=\"svl-cist-vice\">&nbsp;<img decoding=\"async\" src=\"https:\/\/vytvarnalitomysl.cz\/wp-content\/plugins\/worx-insertdata\/img\/more.png\" class=\"svl-mala-sipka\"><\/p>\n<img decoding=\"async\" src=\"https:\/\/vytvarnalitomysl.cz\/wp-content\/plugins\/worx-insertdata\/img\/sipka-vystavy.png\" class=\"svl-sipka\">\n<\/div>\n<\/a>\n<\/div>\n\n<div postid=\"28331\" class=\"svl-sub-projekt\">\n<a href=\"https:\/\/vytvarnalitomysl.cz\/en\/mestska-obrazarna\/natura\">\n<div style=\"background-image: url('https:\/\/vytvarnalitomysl.cz\/wp-content\/uploads\/2026\/03\/Mestska_obrazarna_natura-1024x683.png');\" class=\"svl-projekt\">\n<p style=\"background-color:#000\" class=\"svl-vystava-rubrika-vystava\">Town Picture Gallery<\/p>\n<div class=\"svl-wx-text\"><h3 class=\"mgl projekt-nadpis\">NATURA<\/h3>\n<p class=\"svl-projekt-popis\"><\/p><\/div>\n<p class=\"svl-cist-vice\">&nbsp;<img decoding=\"async\" src=\"https:\/\/vytvarnalitomysl.cz\/wp-content\/plugins\/worx-insertdata\/img\/more.png\" class=\"svl-mala-sipka\"><\/p>\n<img decoding=\"async\" src=\"https:\/\/vytvarnalitomysl.cz\/wp-content\/plugins\/worx-insertdata\/img\/sipka-vystavy.png\" class=\"svl-sipka\">\n<\/div>\n<\/a>\n<\/div>\n\n<div postid=\"28329\" class=\"svl-sub-projekt\">\n<a href=\"https:\/\/vytvarnalitomysl.cz\/en\/mestska-obrazarna\/nejkrasnejsi-ceske-knihy-roku-2025\">\n<div style=\"background-image: url('https:\/\/vytvarnalitomysl.cz\/wp-content\/uploads\/2026\/03\/Mestska_obrazarna_Nejkrasnejsi_ceske_knihy_2025-1024x682.png');\" class=\"svl-projekt\">\n<p style=\"background-color:#000\" class=\"svl-vystava-rubrika-vystava\">Town Picture Gallery<\/p>\n<div class=\"svl-wx-text\"><h3 class=\"mgl projekt-nadpis\">Nejkr\u00e1sn\u011bj\u0161\u00ed \u010desk\u00e9 knihy roku 2025<\/h3>\n<p class=\"svl-projekt-popis\"><\/p><\/div>\n<p class=\"svl-cist-vice\">&nbsp;<img decoding=\"async\" src=\"https:\/\/vytvarnalitomysl.cz\/wp-content\/plugins\/worx-insertdata\/img\/more.png\" class=\"svl-mala-sipka\"><\/p>\n<img decoding=\"async\" src=\"https:\/\/vytvarnalitomysl.cz\/wp-content\/plugins\/worx-insertdata\/img\/sipka-vystavy.png\" class=\"svl-sipka\">\n<\/div>\n<\/a>\n<\/div>\n\n<div postid=\"28345\" class=\"svl-sub-projekt\">\n<a href=\"https:\/\/vytvarnalitomysl.cz\/en\/galerie-na-milovske-huti\/miluse-a-rene-roubickovi\">\n<div style=\"background-image: url('https:\/\/vytvarnalitomysl.cz\/wp-content\/uploads\/2026\/03\/FullSizeRender-1024x722.jpeg');\" class=\"svl-projekt\">\n<p style=\"background-color:#000\" class=\"svl-vystava-rubrika-vystava\">Na Milovsk\u00e9 huti Gallery<\/p>\n<div class=\"svl-wx-text\"><h3 class=\"mgl projekt-nadpis\">Vitrum et natura<span>Milu\u0161e a Ren\u00e9 Roub\u00ed\u010dkovi. Mal\u00ed\u0159i srdce Vyso\u010diny. \u010ce\u0161t\u00ed ateli\u00e9rov\u00ed skl\u00e1\u0159i.<\/span><\/h3>\n<p class=\"svl-projekt-popis\"><\/p><\/div>\n<p class=\"svl-cist-vice\">&nbsp;<img decoding=\"async\" src=\"https:\/\/vytvarnalitomysl.cz\/wp-content\/plugins\/worx-insertdata\/img\/more.png\" class=\"svl-mala-sipka\"><\/p>\n<img decoding=\"async\" src=\"https:\/\/vytvarnalitomysl.cz\/wp-content\/plugins\/worx-insertdata\/img\/sipka-vystavy.png\" class=\"svl-sipka\">\n<\/div>\n<\/a>\n<\/div>\n\n<div postid=\"28340\" class=\"svl-sub-projekt\">\n<a href=\"https:\/\/vytvarnalitomysl.cz\/en\/mestska-obrazarna\/variant-je-vice\">\n<div style=\"background-image: url('https:\/\/vytvarnalitomysl.cz\/wp-content\/uploads\/2026\/03\/n_perkof_manual_of_naturalness-1024x729.png');\" class=\"svl-projekt\">\n<p style=\"background-color:#000\" class=\"svl-vystava-rubrika-vystava\">Town Picture Gallery<\/p>\n<div class=\"svl-wx-text\"><h3 class=\"mgl projekt-nadpis\">VARIANT JE V\u00cdCE<\/h3>\n<p class=\"svl-projekt-popis\"><\/p><\/div>\n<p class=\"svl-cist-vice\">&nbsp;<img decoding=\"async\" src=\"https:\/\/vytvarnalitomysl.cz\/wp-content\/plugins\/worx-insertdata\/img\/more.png\" class=\"svl-mala-sipka\"><\/p>\n<img decoding=\"async\" src=\"https:\/\/vytvarnalitomysl.cz\/wp-content\/plugins\/worx-insertdata\/img\/sipka-vystavy.png\" class=\"svl-sipka\">\n<\/div>\n<\/a>\n<\/div>\n\n<div postid=\"28338\" class=\"svl-sub-projekt\">\n<a href=\"https:\/\/vytvarnalitomysl.cz\/en\/exterier-mesta\/jaroslav-rona-ticho-a-myty\">\n<div style=\"background-image: url('https:\/\/vytvarnalitomysl.cz\/wp-content\/uploads\/2026\/03\/Jaroslav_Rona_23-1024x680.png');\" class=\"svl-projekt\">\n<p style=\"background-color:#000\" class=\"svl-vystava-rubrika-vystava\">Town exterior<\/p>\n<div class=\"svl-wx-text\"><h3 class=\"mgl projekt-nadpis\">JAROSLAV R\u00d3NA<span>TICHO A M\u00ddTY<\/h3>\n<p class=\"svl-projekt-popis\"><\/p><\/div>\n<p class=\"svl-cist-vice\">&nbsp;<img decoding=\"async\" src=\"https:\/\/vytvarnalitomysl.cz\/wp-content\/plugins\/worx-insertdata\/img\/more.png\" class=\"svl-mala-sipka\"><\/p>\n<img decoding=\"async\" src=\"https:\/\/vytvarnalitomysl.cz\/wp-content\/plugins\/worx-insertdata\/img\/sipka-vystavy.png\" class=\"svl-sipka\">\n<\/div>\n<\/a>\n<\/div>\n\n<div postid=\"28335\" class=\"svl-sub-projekt\">\n<a href=\"https:\/\/vytvarnalitomysl.cz\/en\/zamecky-pivovar\/gerhard-flekatsch-resonance\">\n<div style=\"background-image: url('https:\/\/vytvarnalitomysl.cz\/wp-content\/uploads\/2026\/03\/Gerhard_Flekatsch-1024x683.png');\" class=\"svl-projekt\">\n<p style=\"background-color:#000\" class=\"svl-vystava-rubrika-vystava\">Chateau Brewery<\/p>\n<div class=\"svl-wx-text\"><h3 class=\"mgl projekt-nadpis\">GERHARD FLEKATSCH<span>RESONANCE<\/h3>\n<p class=\"svl-projekt-popis\"><\/p><\/div>\n<p class=\"svl-cist-vice\">&nbsp;<img decoding=\"async\" src=\"https:\/\/vytvarnalitomysl.cz\/wp-content\/plugins\/worx-insertdata\/img\/more.png\" class=\"svl-mala-sipka\"><\/p>\n<img decoding=\"async\" src=\"https:\/\/vytvarnalitomysl.cz\/wp-content\/plugins\/worx-insertdata\/img\/sipka-vystavy.png\" class=\"svl-sipka\">\n<\/div>\n<\/a>\n<\/div>\n\n<div postid=\"28333\" class=\"svl-sub-projekt\">\n<a href=\"https:\/\/vytvarnalitomysl.cz\/en\/cervena-vez\/out-of-ostrale\">\n<div style=\"background-image: url('https:\/\/vytvarnalitomysl.cz\/wp-content\/uploads\/2026\/03\/Out_of_Ostrale-682x1024.png');\" class=\"svl-projekt\">\n<p style=\"background-color:#000\" class=\"svl-vystava-rubrika-vystava\">\u010cerven\u00e1 v\u011b\u017e<\/p>\n<div class=\"svl-wx-text\"><h3 class=\"mgl projekt-nadpis\">OUT OF OSTRALE<\/h3>\n<p class=\"svl-projekt-popis\"><\/p><\/div>\n<p class=\"svl-cist-vice\">&nbsp;<img decoding=\"async\" src=\"https:\/\/vytvarnalitomysl.cz\/wp-content\/plugins\/worx-insertdata\/img\/more.png\" class=\"svl-mala-sipka\"><\/p>\n<img decoding=\"async\" src=\"https:\/\/vytvarnalitomysl.cz\/wp-content\/plugins\/worx-insertdata\/img\/sipka-vystavy.png\" class=\"svl-sipka\">\n<\/div>\n<\/a>\n<\/div>\n\n<div postid=\"28331\" class=\"svl-sub-projekt\">\n<a href=\"https:\/\/vytvarnalitomysl.cz\/en\/mestska-obrazarna\/natura\">\n<div style=\"background-image: url('https:\/\/vytvarnalitomysl.cz\/wp-content\/uploads\/2026\/03\/Mestska_obrazarna_natura-1024x683.png');\" class=\"svl-projekt\">\n<p style=\"background-color:#000\" class=\"svl-vystava-rubrika-vystava\">Town Picture Gallery<\/p>\n<div class=\"svl-wx-text\"><h3 class=\"mgl projekt-nadpis\">NATURA<\/h3>\n<p class=\"svl-projekt-popis\"><\/p><\/div>\n<p class=\"svl-cist-vice\">&nbsp;<img decoding=\"async\" src=\"https:\/\/vytvarnalitomysl.cz\/wp-content\/plugins\/worx-insertdata\/img\/more.png\" class=\"svl-mala-sipka\"><\/p>\n<img decoding=\"async\" src=\"https:\/\/vytvarnalitomysl.cz\/wp-content\/plugins\/worx-insertdata\/img\/sipka-vystavy.png\" class=\"svl-sipka\">\n<\/div>\n<\/a>\n<\/div>\n\n<div postid=\"28329\" class=\"svl-sub-projekt\">\n<a href=\"https:\/\/vytvarnalitomysl.cz\/en\/mestska-obrazarna\/nejkrasnejsi-ceske-knihy-roku-2025\">\n<div style=\"background-image: url('https:\/\/vytvarnalitomysl.cz\/wp-content\/uploads\/2026\/03\/Mestska_obrazarna_Nejkrasnejsi_ceske_knihy_2025-1024x682.png');\" class=\"svl-projekt\">\n<p style=\"background-color:#000\" class=\"svl-vystava-rubrika-vystava\">Town Picture Gallery<\/p>\n<div class=\"svl-wx-text\"><h3 class=\"mgl projekt-nadpis\">Nejkr\u00e1sn\u011bj\u0161\u00ed \u010desk\u00e9 knihy roku 2025<\/h3>\n<p class=\"svl-projekt-popis\"><\/p><\/div>\n<p class=\"svl-cist-vice\">&nbsp;<img decoding=\"async\" src=\"https:\/\/vytvarnalitomysl.cz\/wp-content\/plugins\/worx-insertdata\/img\/more.png\" class=\"svl-mala-sipka\"><\/p>\n<img decoding=\"async\" src=\"https:\/\/vytvarnalitomysl.cz\/wp-content\/plugins\/worx-insertdata\/img\/sipka-vystavy.png\" class=\"svl-sipka\">\n<\/div>\n<\/a>\n<\/div>\n\n<div postid=\"28345\" class=\"svl-sub-projekt\">\n<a href=\"https:\/\/vytvarnalitomysl.cz\/en\/galerie-na-milovske-huti\/miluse-a-rene-roubickovi\">\n<div style=\"background-image: url('https:\/\/vytvarnalitomysl.cz\/wp-content\/uploads\/2026\/03\/FullSizeRender-1024x722.jpeg');\" class=\"svl-projekt\">\n<p style=\"background-color:#000\" class=\"svl-vystava-rubrika-vystava\">Na Milovsk\u00e9 huti Gallery<\/p>\n<div class=\"svl-wx-text\"><h3 class=\"mgl projekt-nadpis\">Vitrum et natura<span>Milu\u0161e a Ren\u00e9 Roub\u00ed\u010dkovi. Mal\u00ed\u0159i srdce Vyso\u010diny. \u010ce\u0161t\u00ed ateli\u00e9rov\u00ed skl\u00e1\u0159i.<\/span><\/h3>\n<p class=\"svl-projekt-popis\"><\/p><\/div>\n<p class=\"svl-cist-vice\">&nbsp;<img decoding=\"async\" src=\"https:\/\/vytvarnalitomysl.cz\/wp-content\/plugins\/worx-insertdata\/img\/more.png\" class=\"svl-mala-sipka\"><\/p>\n<img decoding=\"async\" src=\"https:\/\/vytvarnalitomysl.cz\/wp-content\/plugins\/worx-insertdata\/img\/sipka-vystavy.png\" class=\"svl-sipka\">\n<\/div>\n<\/a>\n<\/div>\n<\/div>\n<div id='wx-carousel-next' class='wx-carousel-next'><img src='https:\/\/vytvarnalitomysl.cz\/wp-content\/plugins\/worx-insertdata\/img\/more.svg'><\/div>\n<div index='1' limit='4' id='wx-paging' class='wx-paging'>\n<\/div>\n<\/div>\n\t\t\t\t\t\t<\/div>\n\t\t\t\t<\/div>\n\t\t\t\t\t<\/div>\n\t\t<\/div>\n\t\t\t\t\t<\/div>\n\t\t<\/section>\n\t\t\t\t<\/div>\n\t\t","protected":false},"excerpt":{"rendered":"<p>ABOUT THE PROJECT back to front page The Smetana Litomy\u0161lje ArtFestival is one of the accompanying scenes of the Smetana Litomy\u0161l Music Festival. The SVL has been organised for the [&hellip;]<\/p>\n","protected":false},"author":1,"featured_media":0,"parent":0,"menu_order":0,"comment_status":"closed","ping_status":"closed","template":"","meta":{"_acf_changed":false,"inline_featured_image":false,"passster_activate_protection":false,"passster_protect_child_pages":"","passster_protection_type":"password","passster_password":"","passster_activate_overwrite_defaults":"","passster_headline":"","passster_instruction":"","passster_placeholder":"","passster_button":"","passster_id":"","passster_activate_misc_settings":"","passster_redirect_url":"","passster_hide":"no","passster_area_shortcode":"","footnotes":""},"class_list":["post-26958","page","type-page","status-publish","hentry"],"acf":[],"_links":{"self":[{"href":"https:\/\/vytvarnalitomysl.cz\/en\/wp-json\/wp\/v2\/pages\/26958","targetHints":{"allow":["GET"]}}],"collection":[{"href":"https:\/\/vytvarnalitomysl.cz\/en\/wp-json\/wp\/v2\/pages"}],"about":[{"href":"https:\/\/vytvarnalitomysl.cz\/en\/wp-json\/wp\/v2\/types\/page"}],"author":[{"embeddable":true,"href":"https:\/\/vytvarnalitomysl.cz\/en\/wp-json\/wp\/v2\/users\/1"}],"replies":[{"embeddable":true,"href":"https:\/\/vytvarnalitomysl.cz\/en\/wp-json\/wp\/v2\/comments?post=26958"}],"version-history":[{"count":2,"href":"https:\/\/vytvarnalitomysl.cz\/en\/wp-json\/wp\/v2\/pages\/26958\/revisions"}],"predecessor-version":[{"id":28072,"href":"https:\/\/vytvarnalitomysl.cz\/en\/wp-json\/wp\/v2\/pages\/26958\/revisions\/28072"}],"wp:attachment":[{"href":"https:\/\/vytvarnalitomysl.cz\/en\/wp-json\/wp\/v2\/media?parent=26958"}],"curies":[{"name":"wp","href":"https:\/\/api.w.org\/{rel}","templated":true}]}}